{"id":942,"date":"2026-04-19T16:46:25","date_gmt":"2026-04-19T13:46:25","guid":{"rendered":"https:\/\/www.uvezotomotiv.com\/?page_id=942"},"modified":"2026-04-19T23:21:28","modified_gmt":"2026-04-19T20:21:28","slug":"hakkimizda","status":"publish","type":"page","link":"https:\/\/www.uvezotomotiv.com\/index.php\/hakkimizda\/","title":{"rendered":"Hakk\u0131m\u0131zda"},"content":{"rendered":"<p><div class=\"fusion-fullwidth fullwidth-box fusion-builder-row-1 fusion-flex-container has-pattern-background has-mask-background nonhundred-percent-fullwidth non-hundred-percent-height-scrolling\" style=\"--awb-border-radius-top-left:0px;--awb-border-radius-top-right:0px;--awb-border-radius-bottom-right:0px;--awb-border-radius-bottom-left:0px;--awb-flex-wrap:wrap;\" ><div class=\"fusion-builder-row fusion-row fusion-flex-align-items-flex-start fusion-flex-content-wrap\" style=\"max-width:1248px;margin-left: calc(-4% \/ 2 );margin-right: calc(-4% \/ 2 );\"><div class=\"fusion-layout-column fusion_builder_column fusion-builder-column-0 fusion_builder_column_1_2 1_2 fusion-flex-column\" style=\"--awb-bg-size:cover;--awb-width-large:50%;--awb-margin-top-large:0px;--awb-spacing-right-large:3.84%;--awb-margin-bottom-large:20px;--awb-spacing-left-large:3.84%;--awb-width-medium:50%;--awb-order-medium:0;--awb-spacing-right-medium:3.84%;--awb-spacing-left-medium:3.84%;--awb-width-small:100%;--awb-order-small:0;--awb-spacing-right-small:1.92%;--awb-spacing-left-small:1.92%;\"><div class=\"fusion-column-wrapper fusion-column-has-shadow fusion-flex-justify-content-flex-start fusion-content-layout-column\"><div class=\"fusion-text fusion-text-1\"><p style=\"text-align: left;\">\u00a0 \u00a0 \u00a0 \u00a0 \u00a0 \u00a0 \u00a0 \u00a0 \u00a0 \u00a0 \u00a0 \u00a0 \u00a0 \u00a0 \u00a0 \u00dcvez Otomotiv 40 y\u0131ll\u0131k bir tecr\u00fcbenin ete kemi\u011fe b\u00fcr\u00fcnm\u00fc\u015f hali olarak siz de\u011ferli m\u00fc\u015fterilerinin her zaman yan\u0131nda en kaliteli \u015feklide bulunmaktad\u0131r. Araba sat\u0131\u015f\u0131 ile ba\u015flayan bu b\u00fcy\u00fck ticari sistem daha fazla m\u00fc\u015fteriye daha profesyonel hizmetler verebilmek i\u00e7in bir \u00e7ok sekt\u00f6re hizmet vermeye ba\u015flam\u0131\u015ft\u0131r. Y\u0131llarca edindi\u011fimiz tecr\u00fcbe ile profesyonel ara\u00e7 sat\u0131\u015f\u0131n\u0131 bir \u00e7ok teknik ile geli\u015ftirdik.<\/p>\n<p>\u00a0 \u00a0 \u00a0 \u00a0 \u00a0 \u00a0 \u00a0 \u00a0 \u00a0 \u00a0 \u00a0 \u00a0 \u00a0 \u00a0 \u00a0 \u00a0Sadece ara\u00e7 sat\u0131\u015f\u0131nda de\u011fil kurdu\u011fumuz t\u00fcm yap\u0131larda bu profesyonelli\u011fi yans\u0131t\u0131yoruz. Ara\u00e7 kiralama hizmetlerimiz, ara\u00e7 sat\u0131\u015flar\u0131m\u0131z, ara\u00e7 al\u0131mlar\u0131m\u0131z ve ara\u00e7 tamir hizmetleri her zaman sizler i\u00e7in en g\u00fcvenilir ve profesyonel s\u00fcre\u00e7lerde i\u015flemektedir.<\/p>\n<\/div><\/div><\/div><div class=\"fusion-layout-column fusion_builder_column fusion-builder-column-1 fusion_builder_column_1_2 1_2 fusion-flex-column\" style=\"--awb-bg-size:cover;--awb-width-large:50%;--awb-margin-top-large:0px;--awb-spacing-right-large:3.84%;--awb-margin-bottom-large:20px;--awb-spacing-left-large:3.84%;--awb-width-medium:50%;--awb-order-medium:0;--awb-spacing-right-medium:3.84%;--awb-spacing-left-medium:3.84%;--awb-width-small:100%;--awb-order-small:0;--awb-spacing-right-small:1.92%;--awb-spacing-left-small:1.92%;\"><div class=\"fusion-column-wrapper fusion-column-has-shadow fusion-flex-justify-content-flex-start fusion-content-layout-column\"><div class=\"fusion-image-element \" style=\"text-align:center;--awb-caption-title-font-family:var(--h2_typography-font-family);--awb-caption-title-font-weight:var(--h2_typography-font-weight);--awb-caption-title-font-style:var(--h2_typography-font-style);--awb-caption-title-size:var(--h2_typography-font-size);--awb-caption-title-transform:var(--h2_typography-text-transform);--awb-caption-title-line-height:var(--h2_typography-line-height);--awb-caption-title-letter-spacing:var(--h2_typography-letter-spacing);\"><span class=\" fusion-imageframe imageframe-none imageframe-1 hover-type-none fusion-animated\" data-animationType=\"shake\" data-animationDuration=\"0.3\" data-animationOffset=\"top-into-view\"><img decoding=\"async\" width=\"228\" height=\"300\" title=\"logo_high_resolution-1\" src=\"https:\/\/www.uvezotomotiv.com\/wp-content\/uploads\/2026\/04\/logo_high_resolution-1.png\" data-orig-src=\"https:\/\/www.uvezotomotiv.com\/wp-content\/uploads\/2026\/04\/logo_high_resolution-1-228x300.png\" alt class=\"lazyload img-responsive wp-image-909\" srcset=\"data:image\/svg+xml,%3Csvg%20xmlns%3D%27http%3A%2F%2Fwww.w3.org%2F2000%2Fsvg%27%20width%3D%271114%27%20height%3D%271467%27%20viewBox%3D%270%200%201114%201467%27%3E%3Crect%20width%3D%271114%27%20height%3D%271467%27%20fill-opacity%3D%220%22%2F%3E%3C%2Fsvg%3E\" data-srcset=\"https:\/\/www.uvezotomotiv.com\/wp-content\/uploads\/2026\/04\/logo_high_resolution-1-200x263.png 200w, https:\/\/www.uvezotomotiv.com\/wp-content\/uploads\/2026\/04\/logo_high_resolution-1-400x527.png 400w, https:\/\/www.uvezotomotiv.com\/wp-content\/uploads\/2026\/04\/logo_high_resolution-1-600x790.png 600w, https:\/\/www.uvezotomotiv.com\/wp-content\/uploads\/2026\/04\/logo_high_resolution-1-800x1054.png 800w, https:\/\/www.uvezotomotiv.com\/wp-content\/uploads\/2026\/04\/logo_high_resolution-1.png 1114w\" data-sizes=\"auto\" data-orig-sizes=\"(max-width: 640px) 100vw, 600px\" \/><\/span><\/div><\/div><\/div><\/div><\/div><div class=\"fusion-fullwidth fullwidth-box fusion-builder-row-2 fusion-flex-container has-pattern-background has-mask-background nonhundred-percent-fullwidth non-hundred-percent-height-scrolling\" style=\"--awb-border-radius-top-left:0px;--awb-border-radius-top-right:0px;--awb-border-radius-bottom-right:0px;--awb-border-radius-bottom-left:0px;--awb-flex-wrap:wrap;\" ><div class=\"fusion-builder-row fusion-row fusion-flex-align-items-flex-start fusion-flex-content-wrap\" style=\"max-width:1248px;margin-left: calc(-4% \/ 2 );margin-right: calc(-4% \/ 2 );\"><div class=\"fusion-layout-column fusion_builder_column fusion-builder-column-2 fusion_builder_column_1_1 1_1 fusion-flex-column\" style=\"--awb-bg-size:cover;--awb-width-large:100%;--awb-margin-top-large:0px;--awb-spacing-right-large:1.92%;--awb-margin-bottom-large:20px;--awb-spacing-left-large:1.92%;--awb-width-medium:100%;--awb-order-medium:0;--awb-spacing-right-medium:1.92%;--awb-spacing-left-medium:1.92%;--awb-width-small:100%;--awb-order-small:0;--awb-spacing-right-small:1.92%;--awb-spacing-left-small:1.92%;\"><div class=\"fusion-column-wrapper fusion-column-has-shadow fusion-flex-justify-content-flex-start fusion-content-layout-column\"><div class=\"fusion-video fusion-selfhosted-video\" style=\"max-width:100%;\"><div class=\"video-wrapper\"><video playsinline=\"true\" width=\"100%\" style=\"object-fit: cover;\" autoplay=\"true\" muted=\"true\" loop=\"true\" preload=\"auto\" controls=\"1\"><source src=\"https:\/\/www.uvezotomotiv.com\/wp-content\/uploads\/2026\/04\/video.mp4#t=3\" type=\"video\/mp4\">Sorry, your browser doesn&#039;t support embedded videos.<\/video><\/div><\/div><\/div><\/div><\/div><\/div><\/p>\n","protected":false},"excerpt":{"rendered":"","protected":false},"author":1,"featured_media":0,"parent":0,"menu_order":0,"comment_status":"closed","ping_status":"closed","template":"","meta":{"_acf_changed":false,"_bbp_topic_count":0,"_bbp_reply_count":0,"_bbp_total_topic_count":0,"_bbp_total_reply_count":0,"_bbp_voice_count":0,"_bbp_anonymous_reply_count":0,"_bbp_topic_count_hidden":0,"_bbp_reply_count_hidden":0,"_bbp_forum_subforum_count":0,"content-type":"","footnotes":""},"class_list":["post-942","page","type-page","status-publish","hentry"],"acf":[],"_links":{"self":[{"href":"https:\/\/www.uvezotomotiv.com\/index.php\/wp-json\/wp\/v2\/pages\/942","targetHints":{"allow":["GET"]}}],"collection":[{"href":"https:\/\/www.uvezotomotiv.com\/index.php\/wp-json\/wp\/v2\/pages"}],"about":[{"href":"https:\/\/www.uvezotomotiv.com\/index.php\/wp-json\/wp\/v2\/types\/page"}],"author":[{"embeddable":true,"href":"https:\/\/www.uvezotomotiv.com\/index.php\/wp-json\/wp\/v2\/users\/1"}],"replies":[{"embeddable":true,"href":"https:\/\/www.uvezotomotiv.com\/index.php\/wp-json\/wp\/v2\/comments?post=942"}],"version-history":[{"count":17,"href":"https:\/\/www.uvezotomotiv.com\/index.php\/wp-json\/wp\/v2\/pages\/942\/revisions"}],"predecessor-version":[{"id":1012,"href":"https:\/\/www.uvezotomotiv.com\/index.php\/wp-json\/wp\/v2\/pages\/942\/revisions\/1012"}],"wp:attachment":[{"href":"https:\/\/www.uvezotomotiv.com\/index.php\/wp-json\/wp\/v2\/media?parent=942"}],"curies":[{"name":"wp","href":"https:\/\/api.w.org\/{rel}","templated":true}]}}